{"id":21915,"date":"2023-09-26T09:25:50","date_gmt":"2023-09-26T07:25:50","guid":{"rendered":"https:\/\/www.bounsel.com\/?page_id=21915"},"modified":"2023-11-13T15:10:16","modified_gmt":"2023-11-13T13:10:16","slug":"uelz","status":"publish","type":"page","link":"https:\/\/www.bounsel.com\/es\/recursos\/casos-de-exito\/uelz\/","title":{"rendered":"Caso de \u00e9xito &#8211; Uelz"},"content":{"rendered":"<p><section class=\"fusion-fullwidth fullwidth-box fusion-builder-row-1 fusion-flex-container has-pattern-background has-mask-background nonhundred-percent-fullwidth non-hundred-percent-height-scrolling\" style=\"--awb-border-radius-top-left:0px;--awb-border-radius-top-right:0px;--awb-border-radius-bottom-right:0px;--awb-border-radius-bottom-left:0px;--awb-padding-top:80px;--awb-padding-right:15%;--awb-padding-bottom:80px;--awb-padding-left:15%;--awb-padding-top-medium:80px;--awb-padding-right-medium:10%;--awb-padding-bottom-medium:80px;--awb-padding-left-medium:10%;--awb-padding-top-small:60px;--awb-padding-right-small:5%;--awb-padding-bottom-small:60px;--awb-padding-left-small:5%;--awb-margin-top:0px;--awb-margin-bottom:0px;--awb-background-color:var(--awb-color2);--awb-flex-wrap:wrap;\" ><div class=\"fusion-builder-row fusion-row fusion-flex-align-items-center fusion-flex-justify-content-center fusion-flex-content-wrap\" style=\"max-width:calc( 1200px + 0px );margin-left: calc(-0px \/ 2 );margin-right: calc(-0px \/ 2 );\"><div class=\"fusion-layout-column fusion_builder_column fusion-builder-column-0 fusion_builder_column_1_2 1_2 fusion-flex-column\" style=\"--awb-padding-left:0%;--awb-padding-left-medium:15%;--awb-padding-left-small:0px;--awb-bg-size:cover;--awb-width-large:50%;--awb-spacing-right-large:40px;--awb-margin-bottom-large:0px;--awb-spacing-left-large:0px;--awb-width-medium:50%;--awb-order-medium:0;--awb-spacing-right-medium:40px;--awb-spacing-left-medium:0px;--awb-width-small:100%;--awb-order-small:5;--awb-spacing-right-small:0px;--awb-spacing-left-small:0px;\"><div class=\"fusion-column-wrapper fusion-column-has-shadow fusion-flex-justify-content-flex-start fusion-content-layout-column\"><div class=\"fusion-text fusion-text-1 sm-text-align-center fusion-text-no-margin\" style=\"--awb-font-size:var(--awb-custom_typography_6-font-size);--awb-line-height:var(--awb-custom_typography_6-line-height);--awb-letter-spacing:var(--awb-custom_typography_6-letter-spacing);--awb-text-transform:var(--awb-custom_typography_6-text-transform);--awb-text-color:var(--awb-custom_color_1);--awb-margin-top:1em;--awb-text-font-family:&quot;Montserrat&quot;;--awb-text-font-style:normal;--awb-text-font-weight:500;\"><p>C A S O D E \u00c9 X I T O<\/p>\n<\/div><div class=\"fusion-title title fusion-title-1 fusion-sep-none fusion-title-text fusion-title-size-one\" style=\"--awb-text-color:var(--awb-color8);--awb-margin-bottom:0px;--awb-font-size:var(--awb-custom_typography_2-font-size);\"><h1 class=\"fusion-title-heading title-heading-left sm-text-align-center\" style=\"font-family:var(--awb-custom_typography_2-font-family);font-weight:var(--awb-custom_typography_2-font-weight);font-style:var(--awb-custom_typography_2-font-style);margin:0;font-size:1em;letter-spacing:var(--awb-custom_typography_2-letter-spacing);text-transform:var(--awb-custom_typography_2-text-transform);line-height:var(--awb-custom_typography_2-line-height);\">Uelz logra un proceso de firma un 80% m\u00e1s r\u00e1pido con Bounsel Sign<\/h1><\/div><div class=\"fusion-text fusion-text-2 sm-text-align-center fusion-text-no-margin\" style=\"--awb-font-size:var(--awb-typography2-font-size);--awb-line-height:var(--awb-typography2-line-height);--awb-letter-spacing:var(--awb-typography2-letter-spacing);--awb-text-color:var(--awb-custom_color_1);--awb-margin-top:1em;--awb-text-font-family:var(--awb-typography2-font-family);--awb-text-font-weight:var(--awb-typography2-font-weight);--awb-text-font-style:var(--awb-typography2-font-style);\"><p>Descubre c\u00f3mo Uelz ha conseguido optimizar todo el proceso de gesti\u00f3n de documentos y firma de la empresa ahorrando tiempo y esfuerzo a su equipo de operaciones.<\/p>\n<\/div><\/div><\/div><div class=\"fusion-layout-column fusion_builder_column fusion-builder-column-1 fusion_builder_column_1_2 1_2 fusion-flex-column fusion-flex-align-self-center\" style=\"--awb-padding-right-small:25%;--awb-padding-left-small:25%;--awb-bg-size:cover;--awb-width-large:50%;--awb-spacing-right-large:0px;--awb-margin-bottom-large:0px;--awb-spacing-left-large:40px;--awb-width-medium:50%;--awb-order-medium:0;--awb-spacing-right-medium:15px;--awb-spacing-left-medium:40px;--awb-width-small:100%;--awb-order-small:1;--awb-spacing-right-small:0px;--awb-spacing-left-small:0px;\"><div class=\"fusion-column-wrapper fusion-column-has-shadow fusion-flex-justify-content-flex-start fusion-content-layout-column\"><div class=\"fusion-image-element \" style=\"text-align:center;--awb-caption-title-font-family:var(--h2_typography-font-family);--awb-caption-title-font-weight:var(--h2_typography-font-weight);--awb-caption-title-font-style:var(--h2_typography-font-style);--awb-caption-title-size:var(--h2_typography-font-size);--awb-caption-title-transform:var(--h2_typography-text-transform);--awb-caption-title-line-height:var(--h2_typography-line-height);--awb-caption-title-letter-spacing:var(--h2_typography-letter-spacing);\"><span class=\" fusion-imageframe imageframe-none imageframe-1 hover-type-none\" style=\"border-radius:8px;\"><img decoding=\"async\" width=\"768\" height=\"512\" alt=\"software de gesti\u00f3n de contratos\" title=\"pago\" src=\"data:image\/svg+xml,%3Csvg%20xmlns%3D%27http%3A%2F%2Fwww.w3.org%2F2000%2Fsvg%27%20width%3D%27768%27%20height%3D%27512%27%20viewBox%3D%270%200%20768%20512%27%3E%3Crect%20width%3D%27768%27%20height%3D%27512%27%20fill-opacity%3D%220%22%2F%3E%3C%2Fsvg%3E\" data-orig-src=\"https:\/\/media-bnsl.s3.eu-west-1.amazonaws.com\/www\/uploads\/2023\/09\/21125921\/pago-e1695713958300.jpeg\" class=\"lazyload img-responsive wp-image-21913\"\/><\/span><\/div><\/div><\/div><\/div><\/section><div class=\"fusion-fullwidth fullwidth-box fusion-builder-row-2 fusion-flex-container has-pattern-background has-mask-background nonhundred-percent-fullwidth non-hundred-percent-height-scrolling\" style=\"--awb-border-radius-top-left:0px;--awb-border-radius-top-right:0px;--awb-border-radius-bottom-right:0px;--awb-border-radius-bottom-left:0px;--awb-padding-top-small:60px;--awb-padding-right-small:5%;--awb-padding-bottom-small:60px;--awb-padding-left-small:5%;--awb-flex-wrap:wrap;\" ><div class=\"fusion-builder-row fusion-row fusion-flex-align-items-flex-start fusion-flex-content-wrap\" style=\"max-width:1248px;margin-left: calc(-4% \/ 2 );margin-right: calc(-4% \/ 2 );\"><div class=\"fusion-layout-column fusion_builder_column fusion-builder-column-2 fusion_builder_column_1_1 1_1 fusion-flex-column\" style=\"--awb-padding-right-small:30%;--awb-padding-left-small:30%;--awb-bg-size:cover;--awb-width-large:100%;--awb-margin-top-large:0px;--awb-spacing-right-large:1.92%;--awb-margin-bottom-large:40px;--awb-spacing-left-large:1.92%;--awb-width-medium:100%;--awb-order-medium:0;--awb-spacing-right-medium:1.92%;--awb-spacing-left-medium:1.92%;--awb-width-small:100%;--awb-order-small:0;--awb-margin-top-small:0px;--awb-spacing-right-small:1.92%;--awb-spacing-left-small:1.92%;\"><div class=\"fusion-column-wrapper fusion-column-has-shadow fusion-flex-justify-content-flex-start fusion-content-layout-column\"><div class=\"fusion-image-element \" style=\"text-align:center;--awb-max-width:200px;--awb-caption-title-font-family:var(--h2_typography-font-family);--awb-caption-title-font-weight:var(--h2_typography-font-weight);--awb-caption-title-font-style:var(--h2_typography-font-style);--awb-caption-title-size:var(--h2_typography-font-size);--awb-caption-title-transform:var(--h2_typography-text-transform);--awb-caption-title-line-height:var(--h2_typography-line-height);--awb-caption-title-letter-spacing:var(--h2_typography-letter-spacing);\"><span class=\" fusion-imageframe imageframe-none imageframe-2 hover-type-none\"><img decoding=\"async\" width=\"150\" height=\"58\" title=\"Uelz logo\" src=\"data:image\/svg+xml,%3Csvg%20xmlns%3D%27http%3A%2F%2Fwww.w3.org%2F2000%2Fsvg%27%20width%3D%27150%27%20height%3D%2758%27%20viewBox%3D%270%200%20150%2058%27%3E%3Crect%20width%3D%27150%27%20height%3D%2758%27%20fill-opacity%3D%220%22%2F%3E%3C%2Fsvg%3E\" data-orig-src=\"https:\/\/media-bnsl.s3.eu-west-1.amazonaws.com\/www\/uploads\/2023\/09\/21125922\/Uelz-logo-e1695714254910.png\" alt class=\"lazyload img-responsive wp-image-21907\"\/><\/span><\/div><\/div><\/div><div class=\"fusion-layout-column fusion_builder_column fusion-builder-column-3 fusion_builder_column_1_1 1_1 fusion-flex-column\" style=\"--awb-bg-size:cover;--awb-width-large:100%;--awb-spacing-right-large:1.92%;--awb-spacing-left-large:1.92%;--awb-width-medium:100%;--awb-order-medium:0;--awb-spacing-right-medium:1.92%;--awb-spacing-left-medium:1.92%;--awb-width-small:100%;--awb-order-small:0;--awb-spacing-right-small:1.92%;--awb-spacing-left-small:1.92%;\"><div class=\"fusion-column-wrapper fusion-column-has-shadow fusion-flex-justify-content-flex-start fusion-content-layout-column\"><div class=\"fusion-text fusion-text-3\" style=\"--awb-font-size:var(--awb-typography4-font-size);--awb-line-height:var(--awb-typography4-line-height);--awb-letter-spacing:var(--awb-typography4-letter-spacing);--awb-text-transform:var(--awb-typography4-text-transform);--awb-text-font-family:var(--awb-typography4-font-family);--awb-text-font-weight:var(--awb-typography4-font-weight);--awb-text-font-style:var(--awb-typography4-font-style);\"><p><span style=\"font-weight: 400;\">Uelz es una exitosa plataforma de billing, que permite a cualquier empresa gestionar y automatizar los cobros de sus usuarios de manera f\u00e1cil, segura y sin necesidad de tener conocimientos t\u00e9cnicos. Ayudan a las empresas B2B para que puedan ofrecer diferentes medios de pago a sus clientes, integrando cualquier flujo de cobro recurrente sea fijo o variable, de forma que en todo momento tienes claridad de tus ingresos, la informaci\u00f3n de si el pago ha sido exitoso o si ha fallado y de d\u00f3nde vienen.<\/span><\/p>\n<p><span style=\"font-weight: 400;\">Gracias a Bounsel Uelz ha conseguido optimizar todo el proceso de gesti\u00f3n de documentos y firma de la empresa en un 80%, ahorrando tiempo y esfuerzo a su equipo de operaciones. \u00bfC\u00f3mo? \u00a1Muy f\u00e1cil! Automatizando la creaci\u00f3n de sus documentos y utilizando Bounsel Sign para acelerar el proceso de firma digital.\u00a0<\/span><\/p>\n<p><span style=\"font-weight: 400;\">Hablamos con Xandra Etxabe, Cofundadora y COO de Uelz que nos cuenta c\u00f3mo Bounsel Flow le ha ayudado a conseguir optimizar su proceso de gesti\u00f3n y firma electr\u00f3nica de documentos.<\/span><\/p>\n<p><span style=\"font-weight: 400;\">Antes de conocer Bounsel Flow, su proceso de creaci\u00f3n y firma de contratos comerciales en Uelz era tedioso y muy lento. Los contratos se cerraban con largas cadenas de correos electr\u00f3nicos, donde los clientes deb\u00edan rellenar documentos, enviarlos para su revisi\u00f3n, y luego volver a enviarlos para su firma. Era un proceso que, seg\u00fan Xandra, \u00abdaba incluso pereza hacerlo.\u00bb<\/span><\/p>\n<p><span style=\"font-weight: 400;\">Sin embargo, todo cambi\u00f3 de manera radical cuando Uelz adopt\u00f3 Bounsel Flow y Bounsel Sign. Xandra comenz\u00f3 a utilizar Bounsel Flow en tres aspectos fundamentales de las operaciones de su negocio: con inversores, empleados y clientes. Con los empleados, le simplific\u00f3 la firma de contratos de trabajo y otros documentos laborales. Con los clientes, ahora crea contratos comerciales din\u00e1micos que incluyen acuerdos y anexos, todo desde una \u00fanica plataforma. Nos comenta Xandra que es un flujo de trabajo mucho m\u00e1s claro para ella por el hecho de poder ver cu\u00e1l es el estado de cada documento y mucho m\u00e1s flexible e incluso \u00a8divertido\u00a8 para ellos.\u00a0<\/span><\/p>\n<p><span style=\"font-weight: 400;\">Antes de Bounsel, gestionaban entre 10 y 25 documentos al mes, y el proceso de gesti\u00f3n documental era engorroso y lento. Ahora, con Bounsel, la eficiencia se ha disparado. Xandra estima que el tiempo dedicado a la gesti\u00f3n de contratos se ha reducido en un 80%. Anteriormente, gastaba un promedio de 30 minutos en cada contrato, pero ahora, con Bounsel Flow, solo necesita 5 minutos, seg\u00fan Xandra, \u00a8es un proceso mucho m\u00e1s r\u00e1pido, claro y user friendly\u00a8. Bounsel Flow le ha permitido liberar m\u00e1s de un d\u00eda entero de su jornada laboral para tareas que aportan un mayor valor al negocio.<\/span><\/p>\n<\/div><div class=\"fusion-testimonials clean awb-speech-bubble-show fusion-testimonials-1\" style=\"--awb-textcolor:var(--awb-custom_color_1);--awb-backgroundcolor:var(--awb-custom_color_11);--awb-margin-top:30px;--awb-margin-bottom:30px;--awb-testimonial-border-style:solid;--awb-testimonial-border-color:var(--awb-color3);--awb-border-top-left-radius:0px;--awb-border-top-right-radius:0px;--awb-border-bottom-left-radius:0px;--awb-border-bottom-right-radius:0px;--testimonial-border-width-top:0px;--testimonial-border-width-right:0px;--testimonial-border-width-bottom:0px;--testimonial-border-width-left:0px;\" data-random=\"0\" data-speed=\"4000\"><div class=\"reviews\"><div class=\"review active-testimonial avatar-above avatar-image\"><div class=\"testimonial-thumbnail\"><img decoding=\"async\" class=\"testimonial-image lazyload\" src=\"data:image\/svg+xml,%3Csvg%20xmlns%3D%27http%3A%2F%2Fwww.w3.org%2F2000%2Fsvg%27%20width%3D%27749%27%20height%3D%27844%27%20viewBox%3D%270%200%20749%20844%27%3E%3Crect%20width%3D%27749%27%20height%3D%27844%27%20fill-opacity%3D%220%22%2F%3E%3C%2Fsvg%3E\" width=\"749\" height=\"844\" alt=\"bounsel employee\" data-orig-src=\"https:\/\/media-bnsl.s3.eu-west-1.amazonaws.com\/www\/uploads\/2023\/07\/04164436\/Group-3-4.png\" \/><\/div><blockquote class=\"testimonials-shortcode-blockquote\"><div class=\"awb-quote\"><div class=\"awb-quote-content\">\n<p>\u00a8El tiempo dedicado a la gesti\u00f3n de contratos se ha reducido en un 80%. Anteriormente, gastaba un promedio de 30 minutos en cada contrato, pero ahora con Bounsel Flow, solo necesito 5 minutos.\u00a8<\/p>\n<\/div><\/div><\/blockquote><div class=\"author\"><span class=\"company-name\"><strong>Xandra Etxabe<\/strong>, <span>Cofundadora y COO en Uelz<\/span><\/span><\/div><\/div><\/div><\/div><div class=\"fusion-text fusion-text-4\"><p><span style=\"font-weight: 400;\">El impacto de Bounsel en Uelz fue inmediato. Desde el primer d\u00eda de uso, Xandra vio resultados tangibles en t\u00e9rminos de eficiencia y satisfacci\u00f3n del cliente. Bounsel Flow ha ayudado a aumentar su productividad e incluso los abogados de los clientes apreciaron la originalidad de Bounsel Flow y expresaron su satisfacci\u00f3n.<\/span><\/p>\n<p><span style=\"font-weight: 400;\">El tiempo empleado en el proceso de firma tambi\u00e9n se ha acortado significativamente con Bounsel Sign. Antes, se enviaban documentos en formato PDF que los clientes ten\u00edan que imprimir, firmar a mano, escanear y devolver. Ahora, Xandra puede crear organizaciones f\u00e1cilmente y enviar documentos para firma electr\u00f3nica de manera mucho m\u00e1s \u00e1gil y simplificada.<\/span><\/p>\n<p><span style=\"font-weight: 400;\">Lo que m\u00e1s aprecia Xandra en la soluci\u00f3n es la\u00a0 posibilidad de personalizar completamente el flow, poder estructurarlo de la forma que quiera, para que el proceso de completarlo sea m\u00e1s ameno para sus clientes. Nos comenta que la curva de aprendizaje de Bounsel Flow es muy corta y que en menos de 1 d\u00eda ya sab\u00eda utilizarlo porque de verdad que es una herramienta de trabajo muy sencilla e intuitiva.\u00a0<\/span><\/p>\n<p><span style=\"font-weight: 400;\">El uso de Bounsel Flow y Bounsel Sign ha tenido un impacto muy notable en Uelz. Ha aumentado la eficiencia, reducido los costes de tiempo y ha mejorado la satisfacci\u00f3n del cliente. Xandra no duda en recomendar nuestra herramienta a otras empresas en situaciones similares principalmente cuando tienen que firmar recurrentemente contratos con clientes.\u00a0<\/span><\/p>\n<p><span style=\"font-weight: 400;\">Gracias a Bounsel, Uelz ha experimentado una transformaci\u00f3n con resultados muy positivos en la gesti\u00f3n de documentos y contratos y cuando le preguntamos a Xandra c\u00f3mo se sentir\u00eda si ahora tuviera que volver a su forma anterior de trabajar con documentos, nos contesta con rotundidad: <\/span><span style=\"font-weight: 400;\"><br \/>\n<\/span><span style=\"font-weight: 400;\"><br \/>\n<\/span><span style=\"font-weight: 400;\">\u00a8Un poco frustrada, y me dar\u00eda pereza tener que volver a lo de antes y explicarles todo, d\u00f3nde tienen que firmar\u2026 Ser\u00eda realmente frustrante\u00a8.<\/span><\/p>\n<p>&nbsp;<\/p>\n<p>&nbsp;<\/p>\n<\/div><\/div><\/div><\/div><\/div><div class=\"fusion-fullwidth fullwidth-box fusion-builder-row-3 fusion-flex-container has-pattern-background has-mask-background nonhundred-percent-fullwidth non-hundred-percent-height-scrolling\" style=\"--awb-border-radius-top-left:0px;--awb-border-radius-top-right:0px;--awb-border-radius-bottom-right:0px;--awb-border-radius-bottom-left:0px;--awb-background-image:linear-gradient(90deg, var(--awb-custom_color_43) 0%,var(--awb-custom_color_47) 100%);--awb-flex-wrap:wrap;\" ><div class=\"fusion-builder-row fusion-row fusion-flex-align-items-flex-start fusion-flex-content-wrap\" style=\"max-width:1248px;margin-left: calc(-4% \/ 2 );margin-right: calc(-4% \/ 2 );\"><div class=\"fusion-layout-column fusion_builder_column fusion-builder-column-4 fusion_builder_column_1_2 1_2 fusion-flex-column\" style=\"--awb-bg-size:cover;--awb-width-large:50%;--awb-spacing-right-large:3.84%;--awb-spacing-left-large:3.84%;--awb-width-medium:50%;--awb-order-medium:0;--awb-spacing-right-medium:3.84%;--awb-spacing-left-medium:3.84%;--awb-width-small:100%;--awb-order-small:0;--awb-spacing-right-small:1.92%;--awb-spacing-left-small:1.92%;\"><div class=\"fusion-column-wrapper fusion-column-has-shadow fusion-flex-justify-content-center fusion-content-layout-column\"><div class=\"fusion-image-element \" style=\"text-align:center;--awb-margin-bottom:20px;--awb-max-width:200px;--awb-caption-title-font-family:var(--h2_typography-font-family);--awb-caption-title-font-weight:var(--h2_typography-font-weight);--awb-caption-title-font-style:var(--h2_typography-font-style);--awb-caption-title-size:var(--h2_typography-font-size);--awb-caption-title-transform:var(--h2_typography-text-transform);--awb-caption-title-line-height:var(--h2_typography-line-height);--awb-caption-title-letter-spacing:var(--h2_typography-letter-spacing);\"><span class=\" fusion-imageframe imageframe-none imageframe-3 hover-type-none w-full\"><img decoding=\"async\" width=\"428\" height=\"450\" title=\"monigote_levitating\" src=\"data:image\/svg+xml,%3Csvg%20xmlns%3D%27http%3A%2F%2Fwww.w3.org%2F2000%2Fsvg%27%20width%3D%27428%27%20height%3D%27450%27%20viewBox%3D%270%200%20428%20450%27%3E%3Crect%20width%3D%27428%27%20height%3D%27450%27%20fill-opacity%3D%220%22%2F%3E%3C%2Fsvg%3E\" data-orig-src=\"https:\/\/media-bnsl.s3.eu-west-1.amazonaws.com\/www\/uploads\/2023\/05\/16110851\/monigote_levitating.svg\" alt class=\"lazyload img-responsive wp-image-17469\"\/><\/span><\/div><div class=\"fusion-title title fusion-title-2 fusion-sep-none fusion-title-highlight fusion-loop-off fusion-highlight-underline fusion-title-size-two\" style=\"--awb-text-color:var(--awb-color8);--awb-highlight-color:var(--awb-custom_color_34);--awb-margin-bottom:0px;--awb-font-size:var(--awb-custom_typography_1-font-size);\" data-highlight=\"underline\"><h2 class=\"fusion-title-heading title-heading-left md-text-align-center sm-text-align-center\" style=\"font-family:var(--awb-custom_typography_1-font-family);font-weight:var(--awb-custom_typography_1-font-weight);font-style:var(--awb-custom_typography_1-font-style);margin:0;font-size:1em;letter-spacing:var(--awb-custom_typography_1-letter-spacing);text-transform:var(--awb-custom_typography_1-text-transform);line-height:var(--awb-custom_typography_1-line-height);\"><span class=\"fusion-highlighted-text-prefix\">Gestiona tus contratos <\/span> <span class=\"fusion-highlighted-text-wrapper\"><span class=\"fusion-highlighted-text\">sin estr\u00e9s<\/span><\/span> <span class=\"fusion-highlighted-text-postfix\"><\/span><\/h2><\/div><div class=\"fusion-separator fusion-full-width-sep\" style=\"align-self: center;margin-left: auto;margin-right: auto;margin-top:10px;margin-bottom:10px;width:100%;\"><div class=\"fusion-separator-border sep-double\" style=\"--awb-height:20px;--awb-amount:20px;--awb-sep-color:var(--awb-custom_color_11);border-color:var(--awb-custom_color_11);border-top-width:0px;border-bottom-width:0px;\"><\/div><\/div><div class=\"fusion-text fusion-text-5 md-text-align-center sm-text-align-center\" style=\"--awb-font-size:var(--awb-typography4-font-size);--awb-line-height:var(--awb-typography4-line-height);--awb-letter-spacing:var(--awb-typography4-letter-spacing);--awb-text-transform:var(--awb-typography4-text-transform);--awb-text-color:var(--awb-color7);--awb-text-font-family:var(--awb-typography4-font-family);--awb-text-font-weight:var(--awb-typography4-font-weight);--awb-text-font-style:var(--awb-typography4-font-style);\"><div id=\"1684157835.338319\" class=\"c-virtual_list__item c-virtual_list__item--initial-activeitem\" tabindex=\"0\" role=\"listitem\" aria-setsize=\"-1\" data-qa=\"virtual-list-item\" data-item-key=\"1684157835.338319\">\n<div class=\"c-message_kit__background c-message_kit__background--hovered p-message_pane_message__message c-message_kit__message\" role=\"presentation\" data-qa=\"message_container\" data-qa-unprocessed=\"false\" data-qa-placeholder=\"false\">\n<div class=\"c-message_kit__hover c-message_kit__hover--hovered\" role=\"document\" aria-roledescription=\"mensaje\" data-qa-hover=\"true\">\n<div class=\"c-message_kit__actions c-message_kit__actions--default\">\n<div class=\"c-message_kit__gutter\">\n<div class=\"c-message_kit__gutter__right\" role=\"presentation\" data-qa=\"message_content\">\n<div class=\"c-message_kit__blocks c-message_kit__blocks--rich_text\">\n<div class=\"c-message__message_blocks c-message__message_blocks--rich_text\" data-qa=\"message-text\">\n<div class=\"p-block_kit_renderer\" data-qa=\"block-kit-renderer\">\n<div class=\"p-block_kit_renderer__block_wrapper p-block_kit_renderer__block_wrapper--first\">\n<div class=\"p-rich_text_block\" dir=\"auto\">\n<div class=\"p-rich_text_section\">\n<p>Solicita una <b data-stringify-type=\"bold\">reuni\u00f3n de 15 minutos<\/b> con un miembro de nuestro equipo para descubrir el futuro del trabajo.<\/p>\n<\/div>\n<\/div>\n<\/div>\n<\/div>\n<\/div>\n<\/div>\n<\/div>\n<\/div>\n<div class=\"c-message_actions__container c-message__actions\" role=\"group\">\n<div class=\"c-message_actions__group\" role=\"group\" aria-label=\"Acciones en torno a un mensaje\" data-qa=\"message-actions\">Tendremos la oportunidad de entender tus necesidades y ver si nuestra soluci\u00f3n de gesti\u00f3n de contratos es ideal para ti.<\/div>\n<\/div>\n<\/div>\n<\/div>\n<\/div>\n<\/div>\n<div id=\"1684157843.056399\" class=\"c-virtual_list__item\" tabindex=\"-1\" role=\"listitem\" aria-setsize=\"-1\" data-qa=\"virtual-list-item\" data-item-key=\"1684157843.056399\">\n<div class=\"c-message_kit__background p-message_pane_message__message c-message_kit__message p-message_pane_message__message--last\" role=\"presentation\" data-qa=\"message_container\" data-qa-unprocessed=\"false\" data-qa-placeholder=\"false\">\n<div class=\"c-message_kit__hover\" role=\"document\" aria-roledescription=\"mensaje\" data-qa-hover=\"true\">\n<div class=\"c-message_kit__actions c-message_kit__actions--above\">\n<div class=\"c-message_kit__gutter\">\n<div class=\"c-message_kit__gutter__left\" role=\"presentation\"><\/div>\n<\/div>\n<\/div>\n<\/div>\n<\/div>\n<\/div>\n<\/div><\/div><\/div><div class=\"fusion-layout-column fusion_builder_column fusion-builder-column-5 fusion_builder_column_1_2 1_2 fusion-flex-column\" style=\"--awb-padding-top-small:4%;--awb-padding-right-small:4%;--awb-padding-bottom-small:4%;--awb-padding-left-small:4%;--awb-bg-size:cover;--awb-width-large:50%;--awb-spacing-right-large:3.84%;--awb-spacing-left-large:3.84%;--awb-width-medium:50%;--awb-order-medium:0;--awb-spacing-right-medium:3.84%;--awb-spacing-left-medium:3.84%;--awb-width-small:100%;--awb-order-small:0;--awb-spacing-right-small:1.92%;--awb-spacing-left-small:1.92%;\" data-scroll-devices=\"small-visibility,medium-visibility,large-visibility\"><div class=\"fusion-column-wrapper fusion-column-has-shadow fusion-flex-justify-content-center fusion-content-layout-column\"><!-- Principio del widget integrado de Calendly -->\n<div style=\"display: flex; justify-content: center; align-items: center\">\n  <div class=\"calendly-inline-widget\" data-url=\"https:\/\/calendly.com\/pilarprados\/discoverbounsel?hide_event_type_details=1&hide_gdpr_banner=1&text_color=1e0d52&primary_color=4c20d0\" style=\"min-width:360px;height:620px;\"><\/div>\n<\/div>\n<script type=\"text\/javascript\" src=\"https:\/\/assets.calendly.com\/assets\/external\/widget.js\" async=\"\"><\/script>\n<!-- Final del widget integrado de Calendly --><\/div><\/div><\/div><\/div><\/p>\n","protected":false},"excerpt":{"rendered":"","protected":false},"author":11,"featured_media":0,"parent":14042,"menu_order":0,"comment_status":"closed","ping_status":"closed","template":"100-width.php","meta":{"content-type":"","footnotes":""},"class_list":["post-21915","page","type-page","status-publish","hentry"],"_links":{"self":[{"href":"https:\/\/www.bounsel.com\/es\/wp-json\/wp\/v2\/pages\/21915","targetHints":{"allow":["GET"]}}],"collection":[{"href":"https:\/\/www.bounsel.com\/es\/wp-json\/wp\/v2\/pages"}],"about":[{"href":"https:\/\/www.bounsel.com\/es\/wp-json\/wp\/v2\/types\/page"}],"author":[{"embeddable":true,"href":"https:\/\/www.bounsel.com\/es\/wp-json\/wp\/v2\/users\/11"}],"replies":[{"embeddable":true,"href":"https:\/\/www.bounsel.com\/es\/wp-json\/wp\/v2\/comments?post=21915"}],"version-history":[{"count":2,"href":"https:\/\/www.bounsel.com\/es\/wp-json\/wp\/v2\/pages\/21915\/revisions"}],"predecessor-version":[{"id":23001,"href":"https:\/\/www.bounsel.com\/es\/wp-json\/wp\/v2\/pages\/21915\/revisions\/23001"}],"up":[{"embeddable":true,"href":"https:\/\/www.bounsel.com\/es\/wp-json\/wp\/v2\/pages\/14042"}],"wp:attachment":[{"href":"https:\/\/www.bounsel.com\/es\/wp-json\/wp\/v2\/media?parent=21915"}],"curies":[{"name":"wp","href":"https:\/\/api.w.org\/{rel}","templated":true}]}}