{"id":24817,"date":"2024-05-27T12:39:10","date_gmt":"2024-05-27T10:39:10","guid":{"rendered":"https:\/\/www.bounsel.com\/?page_id=24817"},"modified":"2024-06-12T11:10:18","modified_gmt":"2024-06-12T09:10:18","slug":"caso-de-exito-hospital-sant-joan-de-deu","status":"publish","type":"page","link":"https:\/\/www.bounsel.com\/es\/recursos\/casos-de-exito\/caso-de-exito-hospital-sant-joan-de-deu\/","title":{"rendered":"Caso de \u00e9xito &#8211; Hospital Sant Joan de D\u00e9u"},"content":{"rendered":"<p><section class=\"fusion-fullwidth fullwidth-box fusion-builder-row-1 fusion-flex-container has-pattern-background has-mask-background nonhundred-percent-fullwidth non-hundred-percent-height-scrolling\" style=\"--awb-border-radius-top-left:0px;--awb-border-radius-top-right:0px;--awb-border-radius-bottom-right:0px;--awb-border-radius-bottom-left:0px;--awb-padding-top:80px;--awb-padding-right:15%;--awb-padding-bottom:80px;--awb-padding-left:15%;--awb-padding-top-medium:80px;--awb-padding-right-medium:10%;--awb-padding-bottom-medium:80px;--awb-padding-left-medium:10%;--awb-padding-top-small:60px;--awb-padding-right-small:5%;--awb-padding-bottom-small:60px;--awb-padding-left-small:5%;--awb-margin-top:0px;--awb-margin-bottom:0px;--awb-background-color:var(--awb-color2);--awb-flex-wrap:wrap;\" ><div class=\"fusion-builder-row fusion-row fusion-flex-align-items-center fusion-flex-justify-content-center fusion-flex-content-wrap\" style=\"max-width:calc( 1200px + 0px );margin-left: calc(-0px \/ 2 );margin-right: calc(-0px \/ 2 );\"><div class=\"fusion-layout-column fusion_builder_column fusion-builder-column-0 fusion_builder_column_1_2 1_2 fusion-flex-column\" style=\"--awb-padding-left:0%;--awb-padding-left-medium:15%;--awb-padding-left-small:0px;--awb-bg-size:cover;--awb-width-large:50%;--awb-spacing-right-large:40px;--awb-margin-bottom-large:0px;--awb-spacing-left-large:0px;--awb-width-medium:50%;--awb-order-medium:0;--awb-spacing-right-medium:40px;--awb-spacing-left-medium:0px;--awb-width-small:100%;--awb-order-small:5;--awb-spacing-right-small:0px;--awb-spacing-left-small:0px;\"><div class=\"fusion-column-wrapper fusion-column-has-shadow fusion-flex-justify-content-flex-start fusion-content-layout-column\"><div class=\"fusion-text fusion-text-1 sm-text-align-center fusion-text-no-margin\" style=\"--awb-font-size:var(--awb-custom_typography_6-font-size);--awb-line-height:var(--awb-custom_typography_6-line-height);--awb-letter-spacing:var(--awb-custom_typography_6-letter-spacing);--awb-text-transform:var(--awb-custom_typography_6-text-transform);--awb-text-color:var(--awb-custom_color_1);--awb-margin-top:1em;--awb-text-font-family:&quot;Montserrat&quot;;--awb-text-font-style:normal;--awb-text-font-weight:500;\"><p>C A S O\u00a0 D E\u00a0 \u00c9 X I T O<\/p>\n<\/div><div class=\"fusion-title title fusion-title-1 fusion-sep-none fusion-title-text fusion-title-size-one\" style=\"--awb-text-color:var(--awb-color8);--awb-margin-bottom:0px;--awb-font-size:var(--awb-custom_typography_2-font-size);\"><h1 class=\"fusion-title-heading title-heading-left sm-text-align-center\" style=\"font-family:var(--awb-custom_typography_2-font-family);font-weight:var(--awb-custom_typography_2-font-weight);font-style:var(--awb-custom_typography_2-font-style);margin:0;font-size:1em;letter-spacing:var(--awb-custom_typography_2-letter-spacing);text-transform:var(--awb-custom_typography_2-text-transform);line-height:var(--awb-custom_typography_2-line-height);\">El Hospital Sant Joan de D\u00e9u recomienda Bounsel por nuestro servicio al cliente<\/h1><\/div><div class=\"fusion-text fusion-text-2 sm-text-align-center fusion-text-no-margin\" style=\"--awb-font-size:var(--awb-typography2-font-size);--awb-line-height:var(--awb-typography2-line-height);--awb-letter-spacing:var(--awb-typography2-letter-spacing);--awb-text-color:var(--awb-custom_color_1);--awb-margin-top:1em;--awb-text-font-family:var(--awb-typography2-font-family);--awb-text-font-weight:var(--awb-typography2-font-weight);--awb-text-font-style:var(--awb-typography2-font-style);\"><p>Descubre por qu\u00e9 este hospital maternoinfantil en Barcelona adora el acompa\u00f1amiento premium que ofrece Bounsel.<\/p>\n<\/div><\/div><\/div><div class=\"fusion-layout-column fusion_builder_column fusion-builder-column-1 fusion_builder_column_1_2 1_2 fusion-flex-column fusion-flex-align-self-center\" style=\"--awb-padding-right-small:25%;--awb-padding-left-small:25%;--awb-bg-size:cover;--awb-width-large:50%;--awb-spacing-right-large:0px;--awb-margin-bottom-large:0px;--awb-spacing-left-large:40px;--awb-width-medium:50%;--awb-order-medium:0;--awb-spacing-right-medium:15px;--awb-spacing-left-medium:40px;--awb-width-small:100%;--awb-order-small:1;--awb-spacing-right-small:0px;--awb-spacing-left-small:0px;\"><div class=\"fusion-column-wrapper fusion-column-has-shadow fusion-flex-justify-content-flex-start fusion-content-layout-column\"><div class=\"fusion-image-element \" style=\"text-align:center;--awb-caption-title-font-family:var(--h2_typography-font-family);--awb-caption-title-font-weight:var(--h2_typography-font-weight);--awb-caption-title-font-style:var(--h2_typography-font-style);--awb-caption-title-size:var(--h2_typography-font-size);--awb-caption-title-transform:var(--h2_typography-text-transform);--awb-caption-title-line-height:var(--h2_typography-line-height);--awb-caption-title-letter-spacing:var(--h2_typography-letter-spacing);\"><span class=\" fusion-imageframe imageframe-none imageframe-1 hover-type-none\" style=\"border-radius:8px;\"><img decoding=\"async\" width=\"800\" height=\"450\" alt=\"software de gesti\u00f3n de contratos\" title=\"sjd hospital\" src=\"https:\/\/media-bnsl.s3.eu-west-1.amazonaws.com\/www\/uploads\/2024\/06\/12094828\/sjd-hospital.jpg\" data-orig-src=\"https:\/\/media-bnsl.s3.eu-west-1.amazonaws.com\/www\/uploads\/2024\/06\/12094828\/sjd-hospital.jpg\" class=\"lazyload img-responsive wp-image-24879\" srcset=\"data:image\/svg+xml,%3Csvg%20xmlns%3D%27http%3A%2F%2Fwww.w3.org%2F2000%2Fsvg%27%20width%3D%27800%27%20height%3D%27450%27%20viewBox%3D%270%200%20800%20450%27%3E%3Crect%20width%3D%27800%27%20height%3D%27450%27%20fill-opacity%3D%220%22%2F%3E%3C%2Fsvg%3E\" data-srcset=\"https:\/\/media-bnsl.s3.eu-west-1.amazonaws.com\/www\/uploads\/2024\/06\/12094828\/sjd-hospital-200x113.jpg 200w, https:\/\/media-bnsl.s3.eu-west-1.amazonaws.com\/www\/uploads\/2024\/06\/12094828\/sjd-hospital-400x225.jpg 400w, https:\/\/media-bnsl.s3.eu-west-1.amazonaws.com\/www\/uploads\/2024\/06\/12094828\/sjd-hospital-600x338.jpg 600w, https:\/\/media-bnsl.s3.eu-west-1.amazonaws.com\/www\/uploads\/2024\/06\/12094828\/sjd-hospital.jpg 800w\" data-sizes=\"auto\" data-orig-sizes=\"(max-width: 640px) 100vw, 600px\" \/><\/span><\/div><\/div><\/div><\/div><\/section><div class=\"fusion-fullwidth fullwidth-box fusion-builder-row-2 fusion-flex-container has-pattern-background has-mask-background nonhundred-percent-fullwidth non-hundred-percent-height-scrolling\" style=\"--awb-border-radius-top-left:0px;--awb-border-radius-top-right:0px;--awb-border-radius-bottom-right:0px;--awb-border-radius-bottom-left:0px;--awb-padding-top-small:60px;--awb-padding-right-small:5%;--awb-padding-bottom-small:60px;--awb-padding-left-small:5%;--awb-flex-wrap:wrap;\" ><div class=\"fusion-builder-row fusion-row fusion-flex-align-items-flex-start fusion-flex-content-wrap\" style=\"max-width:1248px;margin-left: calc(-4% \/ 2 );margin-right: calc(-4% \/ 2 );\"><div class=\"fusion-layout-column fusion_builder_column fusion-builder-column-2 fusion_builder_column_1_1 1_1 fusion-flex-column\" style=\"--awb-padding-right-small:30%;--awb-padding-left-small:30%;--awb-bg-size:cover;--awb-width-large:100%;--awb-margin-top-large:0px;--awb-spacing-right-large:1.92%;--awb-margin-bottom-large:40px;--awb-spacing-left-large:1.92%;--awb-width-medium:100%;--awb-order-medium:0;--awb-spacing-right-medium:1.92%;--awb-spacing-left-medium:1.92%;--awb-width-small:100%;--awb-order-small:0;--awb-margin-top-small:0px;--awb-spacing-right-small:1.92%;--awb-spacing-left-small:1.92%;\"><div class=\"fusion-column-wrapper fusion-column-has-shadow fusion-flex-justify-content-flex-start fusion-content-layout-column\"><div class=\"fusion-image-element \" style=\"text-align:center;--awb-max-width:350px;--awb-caption-title-font-family:var(--h2_typography-font-family);--awb-caption-title-font-weight:var(--h2_typography-font-weight);--awb-caption-title-font-style:var(--h2_typography-font-style);--awb-caption-title-size:var(--h2_typography-font-size);--awb-caption-title-transform:var(--h2_typography-text-transform);--awb-caption-title-line-height:var(--h2_typography-line-height);--awb-caption-title-letter-spacing:var(--h2_typography-letter-spacing);\"><span class=\" fusion-imageframe imageframe-none imageframe-2 hover-type-none\"><img decoding=\"async\" width=\"300\" height=\"64\" title=\"sjd logo\" src=\"https:\/\/media-bnsl.s3.eu-west-1.amazonaws.com\/www\/uploads\/2024\/05\/27154414\/sjd-logo-1-e1718183297838.png\" data-orig-src=\"https:\/\/media-bnsl.s3.eu-west-1.amazonaws.com\/www\/uploads\/2024\/05\/27154414\/sjd-logo-1-e1718183297838-300x64.png\" alt class=\"lazyload img-responsive wp-image-24842\" srcset=\"data:image\/svg+xml,%3Csvg%20xmlns%3D%27http%3A%2F%2Fwww.w3.org%2F2000%2Fsvg%27%20width%3D%271040%27%20height%3D%27221%27%20viewBox%3D%270%200%201040%20221%27%3E%3Crect%20width%3D%271040%27%20height%3D%27221%27%20fill-opacity%3D%220%22%2F%3E%3C%2Fsvg%3E\" data-srcset=\"https:\/\/media-bnsl.s3.eu-west-1.amazonaws.com\/www\/uploads\/2024\/05\/27154414\/sjd-logo-1-e1718183297838-200x43.png 200w, https:\/\/media-bnsl.s3.eu-west-1.amazonaws.com\/www\/uploads\/2024\/05\/27154414\/sjd-logo-1-e1718183297838-400x85.png 400w, https:\/\/media-bnsl.s3.eu-west-1.amazonaws.com\/www\/uploads\/2024\/05\/27154414\/sjd-logo-1-e1718183297838-600x128.png 600w, https:\/\/media-bnsl.s3.eu-west-1.amazonaws.com\/www\/uploads\/2024\/05\/27154414\/sjd-logo-1-e1718183297838-800x170.png 800w, https:\/\/media-bnsl.s3.eu-west-1.amazonaws.com\/www\/uploads\/2024\/05\/27154414\/sjd-logo-1-e1718183297838.png 1040w\" data-sizes=\"auto\" data-orig-sizes=\"(max-width: 640px) 100vw, 300px\" \/><\/span><\/div><\/div><\/div><div class=\"fusion-layout-column fusion_builder_column fusion-builder-column-3 fusion_builder_column_1_1 1_1 fusion-flex-column\" style=\"--awb-bg-size:cover;--awb-width-large:100%;--awb-spacing-right-large:1.92%;--awb-spacing-left-large:1.92%;--awb-width-medium:100%;--awb-order-medium:0;--awb-spacing-right-medium:1.92%;--awb-spacing-left-medium:1.92%;--awb-width-small:100%;--awb-order-small:0;--awb-spacing-right-small:1.92%;--awb-spacing-left-small:1.92%;\"><div class=\"fusion-column-wrapper fusion-column-has-shadow fusion-flex-justify-content-flex-start fusion-content-layout-column\"><div class=\"fusion-text fusion-text-3\" style=\"--awb-font-size:var(--awb-typography4-font-size);--awb-line-height:var(--awb-typography4-line-height);--awb-letter-spacing:var(--awb-typography4-letter-spacing);--awb-text-transform:var(--awb-typography4-text-transform);--awb-text-font-family:var(--awb-typography4-font-family);--awb-text-font-weight:var(--awb-typography4-font-weight);--awb-text-font-style:var(--awb-typography4-font-style);\"><p>Edith Alcaide Ca\u00f1o, Legal Counsel del hospital internacional en Barcelona especializado en pediatr\u00eda y ginecolog\u00eda, Hospital Sant Joan de D\u00e9u, nos ha compartido su <strong>fant\u00e1stica experiencia<\/strong> con Bounsel, destacando principalmente el <strong>exquisito<\/strong> <strong>servicio al cliente<\/strong> y el soporte continuo que ha recibido en todo momento.<\/p>\n<p>Desde que empezaron a usar Bounsel hace ya m\u00e1s de medio a\u00f1o, Edith y sus compa\u00f1eras del equipo legal, Mar\u00eda Muro y Mar\u00eda de Valles, han notado un <strong>crecimiento exponencial<\/strong> en la plataforma. \u00abLlevamos medio a\u00f1o utilizando la plataforma y desde que la utilizamos por primera vez hasta ahora han habido much\u00edsimas mejoras, el crecimiento es s\u00faper, s\u00faper, s\u00faper exponencial. Por nuestra parte vemos que es una herramienta con mucho potencial,\u00bb comenta Edith.<\/p>\n<p>Aunque lo que realmente ha impresionado a Edith es el nivel de atenci\u00f3n y seguimiento que reciben. \u00abTengo buen feedback. <strong>Siempre est\u00e1is muy atentos.<\/strong> Nos ayud\u00e1is a hacer tambi\u00e9n mucho seguimiento para ir avanzando. Reservar media horita cada 3 semanas para poder hacer seguimiento, tambi\u00e9n contarnos las novedades que vais implementando y las que nos dec\u00eds, en confianza, que vais a implementar, y preguntarnos si creemos que nos puede ir bien, lo valoramos mucho.\u00bb<\/p>\n<p>Adem\u00e1s, Edith aprecia la rapidez y efectividad del equipo de Bounsel para solucionar cualquier problema. \u00abToda la experiencia que he tenido con vosotros ha sido muy positiva, cuando ha habido algo que ha fallado, que os lo hemos trasladado, hab\u00e9is sido <strong>s\u00faper r\u00e1pidos<\/strong>, nos hab\u00e9is propuesto una reuni\u00f3n o contactar con nosotros para ver qu\u00e9 es lo que pasaba y poder encontrar una soluci\u00f3n. Eso s\u00ed que <strong>me da mucha confianza<\/strong>, en el sentido de que si algo falla alg\u00fan d\u00eda, o lo que sea, cuento con vosotros.\u00bb<\/p>\n<p>La confianza y seguridad que el equipo de Bounsel ofrece es un punto fuerte que Edith resalta:<\/p>\n<\/div><div class=\"fusion-testimonials clean awb-speech-bubble-show fusion-testimonials-1\" style=\"--awb-textcolor:var(--awb-custom_color_1);--awb-backgroundcolor:var(--awb-custom_color_11);--awb-margin-top:30px;--awb-margin-bottom:30px;--awb-testimonial-border-style:solid;--awb-testimonial-border-color:var(--awb-color3);--awb-navigation-size:12px;--awb-border-top-left-radius:0px;--awb-border-top-right-radius:0px;--awb-border-bottom-left-radius:0px;--awb-border-bottom-right-radius:0px;--testimonial-border-width-top:0px;--testimonial-border-width-right:0px;--testimonial-border-width-bottom:0px;--testimonial-border-width-left:0px;\" data-random=\"0\" data-speed=\"4000\"><div class=\"reviews\"><div class=\"review active-testimonial avatar-above avatar-image\"><div class=\"testimonial-thumbnail\"><img decoding=\"async\" class=\"testimonial-image lazyload\" src=\"data:image\/svg+xml,%3Csvg%20xmlns%3D%27http%3A%2F%2Fwww.w3.org%2F2000%2Fsvg%27%20width%3D%27400%27%20height%3D%27402%27%20viewBox%3D%270%200%20400%20402%27%3E%3Crect%20width%3D%27400%27%20height%3D%27402%27%20fill-opacity%3D%220%22%2F%3E%3C%2Fsvg%3E\" width=\"400\" height=\"402\" data-orig-src=\"https:\/\/media-bnsl.s3.eu-west-1.amazonaws.com\/www\/uploads\/2024\/05\/27123423\/edith-caso-de-exito.png\" \/><\/div><blockquote class=\"testimonials-shortcode-blockquote\"><div class=\"awb-quote\"><div class=\"awb-quote-content\">\n<p><strong><em>\u00abEst\u00e1 la tecnolog\u00eda y m\u00e1s all\u00e1 de la tecnolog\u00eda est\u00e1is vosotros, las personas que tambi\u00e9n nos ayud\u00e1is a resolverlo. Las soluciones que aport\u00e1is siempre son muy positivas y est\u00e1is ah\u00ed detr\u00e1s siempre. Es un punto muy fuerte que ten\u00e9is, que no s\u00f3lo es la tecnolog\u00eda, que puede ser muy buena y muy potente, sino que hay un equipo de personas detr\u00e1s que est\u00e1 dispuesto a solucionar los problemas.\u00bb<\/em><\/strong><\/p>\n<\/div><\/div><\/blockquote><div class=\"author\"><span class=\"company-name\"><strong>Edith Alcaide Ca\u00f1o<\/strong>, <span>Legal Counsel del Hospital Sant Joan de D\u00e9u<\/span><\/span><\/div><\/div><\/div><\/div><div class=\"fusion-text fusion-text-4\"><p><span style=\"font-weight: 400;\">Finalmente, Edith aprecia el enfoque en la mejora continua y la innovaci\u00f3n que ofrece Bounsel. \u00abYo siento que est\u00e1is detr\u00e1s y que nos hac\u00e9is un seguimiento y Marcos tambi\u00e9n que para cualquier cosa muy dispuestos siempre. Y esto lo valoramos mucho, el \u00e1nimo de<strong> intentar mejorar siempre<\/strong> con todo lo que os vamos diciendo los clientes porque tengo esta sensaci\u00f3n de que a lo mejor decimos, pues esto lo vemos de esta forma y no sabemos c\u00f3mo hacerlo y en seguida ide\u00e1is una forma de a\u00f1adir una actualizaci\u00f3n o un update nuevo en Bounsel que pueda ayudar a que eso pueda hacerse y se agradece.\u00bb<\/span><\/p>\n<\/div><\/div><\/div><\/div><\/div><div class=\"fusion-fullwidth fullwidth-box fusion-builder-row-3 fusion-flex-container has-pattern-background has-mask-background nonhundred-percent-fullwidth non-hundred-percent-height-scrolling\" style=\"--awb-border-radius-top-left:0px;--awb-border-radius-top-right:0px;--awb-border-radius-bottom-right:0px;--awb-border-radius-bottom-left:0px;--awb-background-image:linear-gradient(90deg, var(--awb-custom_color_43) 0%,var(--awb-custom_color_47) 100%);--awb-flex-wrap:wrap;\" ><div class=\"fusion-builder-row fusion-row fusion-flex-align-items-flex-start fusion-flex-content-wrap\" style=\"max-width:1248px;margin-left: calc(-4% \/ 2 );margin-right: calc(-4% \/ 2 );\"><div class=\"fusion-layout-column fusion_builder_column fusion-builder-column-4 fusion_builder_column_1_2 1_2 fusion-flex-column\" style=\"--awb-bg-size:cover;--awb-width-large:50%;--awb-spacing-right-large:3.84%;--awb-spacing-left-large:3.84%;--awb-width-medium:50%;--awb-order-medium:0;--awb-spacing-right-medium:3.84%;--awb-spacing-left-medium:3.84%;--awb-width-small:100%;--awb-order-small:0;--awb-spacing-right-small:1.92%;--awb-spacing-left-small:1.92%;\"><div class=\"fusion-column-wrapper fusion-column-has-shadow fusion-flex-justify-content-center fusion-content-layout-column\"><div class=\"fusion-image-element \" style=\"text-align:center;--awb-margin-bottom:20px;--awb-max-width:200px;--awb-caption-title-font-family:var(--h2_typography-font-family);--awb-caption-title-font-weight:var(--h2_typography-font-weight);--awb-caption-title-font-style:var(--h2_typography-font-style);--awb-caption-title-size:var(--h2_typography-font-size);--awb-caption-title-transform:var(--h2_typography-text-transform);--awb-caption-title-line-height:var(--h2_typography-line-height);--awb-caption-title-letter-spacing:var(--h2_typography-letter-spacing);\"><span class=\" fusion-imageframe imageframe-none imageframe-3 hover-type-none w-full\"><img decoding=\"async\" width=\"428\" height=\"450\" title=\"monigote_levitating\" src=\"data:image\/svg+xml,%3Csvg%20xmlns%3D%27http%3A%2F%2Fwww.w3.org%2F2000%2Fsvg%27%20width%3D%27428%27%20height%3D%27450%27%20viewBox%3D%270%200%20428%20450%27%3E%3Crect%20width%3D%27428%27%20height%3D%27450%27%20fill-opacity%3D%220%22%2F%3E%3C%2Fsvg%3E\" data-orig-src=\"https:\/\/media-bnsl.s3.eu-west-1.amazonaws.com\/www\/uploads\/2023\/05\/16110851\/monigote_levitating.svg\" alt class=\"lazyload img-responsive wp-image-17469\"\/><\/span><\/div><div class=\"fusion-title title fusion-title-2 fusion-sep-none fusion-title-highlight fusion-loop-off fusion-highlight-underline fusion-title-size-two\" style=\"--awb-text-color:var(--awb-color8);--awb-highlight-color:var(--awb-custom_color_34);--awb-margin-bottom:0px;--awb-font-size:var(--awb-custom_typography_1-font-size);\" data-highlight=\"underline\"><h2 class=\"fusion-title-heading title-heading-left md-text-align-center sm-text-align-center\" style=\"font-family:var(--awb-custom_typography_1-font-family);font-weight:var(--awb-custom_typography_1-font-weight);font-style:var(--awb-custom_typography_1-font-style);margin:0;font-size:1em;letter-spacing:var(--awb-custom_typography_1-letter-spacing);text-transform:var(--awb-custom_typography_1-text-transform);line-height:var(--awb-custom_typography_1-line-height);\"><span class=\"fusion-highlighted-text-prefix\">Gestiona tus contratos <\/span> <span class=\"fusion-highlighted-text-wrapper\"><span class=\"fusion-highlighted-text\">sin estr\u00e9s<\/span><\/span> <span class=\"fusion-highlighted-text-postfix\"><\/span><\/h2><\/div><div class=\"fusion-separator fusion-full-width-sep\" style=\"align-self: center;margin-left: auto;margin-right: auto;margin-top:10px;margin-bottom:10px;width:100%;\"><div class=\"fusion-separator-border sep-double\" style=\"--awb-height:20px;--awb-amount:20px;--awb-sep-color:var(--awb-custom_color_11);border-color:var(--awb-custom_color_11);border-top-width:0px;border-bottom-width:0px;\"><\/div><\/div><div class=\"fusion-text fusion-text-5 md-text-align-center sm-text-align-center\" style=\"--awb-font-size:var(--awb-typography4-font-size);--awb-line-height:var(--awb-typography4-line-height);--awb-letter-spacing:var(--awb-typography4-letter-spacing);--awb-text-transform:var(--awb-typography4-text-transform);--awb-text-color:var(--awb-color7);--awb-text-font-family:var(--awb-typography4-font-family);--awb-text-font-weight:var(--awb-typography4-font-weight);--awb-text-font-style:var(--awb-typography4-font-style);\"><div id=\"1684157835.338319\" class=\"c-virtual_list__item c-virtual_list__item--initial-activeitem\" tabindex=\"0\" role=\"listitem\" aria-setsize=\"-1\" data-qa=\"virtual-list-item\" data-item-key=\"1684157835.338319\">\n<div class=\"c-message_kit__background c-message_kit__background--hovered p-message_pane_message__message c-message_kit__message\" role=\"presentation\" data-qa=\"message_container\" data-qa-unprocessed=\"false\" data-qa-placeholder=\"false\">\n<div class=\"c-message_kit__hover c-message_kit__hover--hovered\" role=\"document\" aria-roledescription=\"mensaje\" data-qa-hover=\"true\">\n<div class=\"c-message_kit__actions c-message_kit__actions--default\">\n<div class=\"c-message_kit__gutter\">\n<div class=\"c-message_kit__gutter__right\" role=\"presentation\" data-qa=\"message_content\">\n<div class=\"c-message_kit__blocks c-message_kit__blocks--rich_text\">\n<div class=\"c-message__message_blocks c-message__message_blocks--rich_text\" data-qa=\"message-text\">\n<div class=\"p-block_kit_renderer\" data-qa=\"block-kit-renderer\">\n<div class=\"p-block_kit_renderer__block_wrapper p-block_kit_renderer__block_wrapper--first\">\n<div class=\"p-rich_text_block\" dir=\"auto\">\n<div class=\"p-rich_text_section\">\n<p>Solicita una <b data-stringify-type=\"bold\">reuni\u00f3n de 15 minutos<\/b> con un miembro de nuestro equipo para descubrir el futuro del trabajo.<\/p>\n<\/div>\n<\/div>\n<\/div>\n<\/div>\n<\/div>\n<\/div>\n<\/div>\n<\/div>\n<div class=\"c-message_actions__container c-message__actions\" role=\"group\">\n<div class=\"c-message_actions__group\" role=\"group\" aria-label=\"Acciones en torno a un mensaje\" data-qa=\"message-actions\">Tendremos la oportunidad de entender tus necesidades y ver si nuestra soluci\u00f3n de gesti\u00f3n de contratos es ideal para ti.<\/div>\n<\/div>\n<\/div>\n<\/div>\n<\/div>\n<\/div>\n<div id=\"1684157843.056399\" class=\"c-virtual_list__item\" tabindex=\"-1\" role=\"listitem\" aria-setsize=\"-1\" data-qa=\"virtual-list-item\" data-item-key=\"1684157843.056399\">\n<div class=\"c-message_kit__background p-message_pane_message__message c-message_kit__message p-message_pane_message__message--last\" role=\"presentation\" data-qa=\"message_container\" data-qa-unprocessed=\"false\" data-qa-placeholder=\"false\">\n<div class=\"c-message_kit__hover\" role=\"document\" aria-roledescription=\"mensaje\" data-qa-hover=\"true\">\n<div class=\"c-message_kit__actions c-message_kit__actions--above\">\n<div class=\"c-message_kit__gutter\">\n<div class=\"c-message_kit__gutter__left\" role=\"presentation\"><\/div>\n<\/div>\n<\/div>\n<\/div>\n<\/div>\n<\/div>\n<\/div><\/div><\/div><div class=\"fusion-layout-column fusion_builder_column fusion-builder-column-5 fusion_builder_column_1_2 1_2 fusion-flex-column\" style=\"--awb-padding-top-small:4%;--awb-padding-right-small:4%;--awb-padding-bottom-small:4%;--awb-padding-left-small:4%;--awb-bg-size:cover;--awb-width-large:50%;--awb-spacing-right-large:3.84%;--awb-spacing-left-large:3.84%;--awb-width-medium:50%;--awb-order-medium:0;--awb-spacing-right-medium:3.84%;--awb-spacing-left-medium:3.84%;--awb-width-small:100%;--awb-order-small:0;--awb-spacing-right-small:1.92%;--awb-spacing-left-small:1.92%;\" data-scroll-devices=\"small-visibility,medium-visibility,large-visibility\"><div class=\"fusion-column-wrapper fusion-column-has-shadow fusion-flex-justify-content-center fusion-content-layout-column\"><!-- Principio del widget integrado de Calendly -->\n<div style=\"display: flex; justify-content: center; align-items: center\">\n  <div class=\"calendly-inline-widget\" data-url=\"https:\/\/calendly.com\/pilarprados\/discoverbounsel?hide_event_type_details=1&hide_gdpr_banner=1&text_color=1e0d52&primary_color=4c20d0\" style=\"min-width:360px;height:620px;\"><\/div>\n<\/div>\n<script type=\"text\/javascript\" src=\"https:\/\/assets.calendly.com\/assets\/external\/widget.js\" async=\"\"><\/script>\n<!-- Final del widget integrado de Calendly --><\/div><\/div><\/div><\/div><\/p>\n","protected":false},"excerpt":{"rendered":"","protected":false},"author":11,"featured_media":0,"parent":14042,"menu_order":0,"comment_status":"closed","ping_status":"closed","template":"100-width.php","meta":{"content-type":"","footnotes":""},"class_list":["post-24817","page","type-page","status-publish","hentry"],"_links":{"self":[{"href":"https:\/\/www.bounsel.com\/es\/wp-json\/wp\/v2\/pages\/24817","targetHints":{"allow":["GET"]}}],"collection":[{"href":"https:\/\/www.bounsel.com\/es\/wp-json\/wp\/v2\/pages"}],"about":[{"href":"https:\/\/www.bounsel.com\/es\/wp-json\/wp\/v2\/types\/page"}],"author":[{"embeddable":true,"href":"https:\/\/www.bounsel.com\/es\/wp-json\/wp\/v2\/users\/11"}],"replies":[{"embeddable":true,"href":"https:\/\/www.bounsel.com\/es\/wp-json\/wp\/v2\/comments?post=24817"}],"version-history":[{"count":3,"href":"https:\/\/www.bounsel.com\/es\/wp-json\/wp\/v2\/pages\/24817\/revisions"}],"predecessor-version":[{"id":24910,"href":"https:\/\/www.bounsel.com\/es\/wp-json\/wp\/v2\/pages\/24817\/revisions\/24910"}],"up":[{"embeddable":true,"href":"https:\/\/www.bounsel.com\/es\/wp-json\/wp\/v2\/pages\/14042"}],"wp:attachment":[{"href":"https:\/\/www.bounsel.com\/es\/wp-json\/wp\/v2\/media?parent=24817"}],"curies":[{"name":"wp","href":"https:\/\/api.w.org\/{rel}","templated":true}]}}