{"id":4928,"date":"2023-02-24T14:42:54","date_gmt":"2023-02-24T12:42:54","guid":{"rendered":"http:\/\/bounsel.com\/?page_id=4928"},"modified":"2024-11-19T14:16:00","modified_gmt":"2024-11-19T12:16:00","slug":"aviso-legal","status":"publish","type":"page","link":"https:\/\/www.bounsel.com\/es\/aviso-legal\/","title":{"rendered":"Aviso legal"},"content":{"rendered":"<div class=\"fusion-fullwidth fullwidth-box fusion-builder-row-1 fusion-flex-container has-pattern-background has-mask-background nonhundred-percent-fullwidth non-hundred-percent-height-scrolling\" style=\"--awb-border-radius-top-left:0px;--awb-border-radius-top-right:0px;--awb-border-radius-bottom-right:0px;--awb-border-radius-bottom-left:0px;--awb-padding-top-small:60px;--awb-padding-right-small:5%;--awb-padding-bottom-small:60px;--awb-padding-left-small:5%;--awb-flex-wrap:wrap;\" ><div class=\"fusion-builder-row fusion-row fusion-flex-align-items-flex-start fusion-flex-content-wrap\" style=\"max-width:1248px;margin-left: calc(-4% \/ 2 );margin-right: calc(-4% \/ 2 );\"><div class=\"fusion-layout-column fusion_builder_column fusion-builder-column-0 fusion_builder_column_1_1 1_1 fusion-flex-column\" style=\"--awb-bg-size:cover;--awb-width-large:100%;--awb-spacing-right-large:1.92%;--awb-spacing-left-large:1.92%;--awb-width-medium:100%;--awb-order-medium:0;--awb-spacing-right-medium:1.92%;--awb-spacing-left-medium:1.92%;--awb-width-small:100%;--awb-order-small:0;--awb-spacing-right-small:1.92%;--awb-spacing-left-small:1.92%;\"><div class=\"fusion-column-wrapper fusion-column-has-shadow fusion-flex-justify-content-flex-start fusion-content-layout-column\"><div class=\"fusion-title title fusion-title-1 fusion-sep-none fusion-title-center fusion-title-text fusion-title-size-one\" style=\"--awb-font-size:var(--awb-typography1-font-size);\"><h1 class=\"fusion-title-heading title-heading-center\" style=\"font-family:var(--awb-typography1-font-family);font-weight:var(--awb-typography1-font-weight);font-style:var(--awb-typography1-font-style);margin:0;letter-spacing:var(--awb-typography1-letter-spacing);text-transform:var(--awb-typography1-text-transform);font-size:1em;line-height:var(--awb-typography1-line-height);\">Aviso legal y condiciones de uso del sitio web<\/h1><\/div><div class=\"fusion-text fusion-text-1\" style=\"--awb-font-size:var(--awb-typography2-font-size);--awb-line-height:var(--awb-typography2-line-height);--awb-letter-spacing:var(--awb-typography2-letter-spacing);--awb-text-transform:var(--awb-typography2-text-transform);--awb-text-font-family:var(--awb-typography2-font-family);--awb-text-font-weight:var(--awb-typography2-font-weight);--awb-text-font-style:var(--awb-typography2-font-style);\"><p style=\"text-align: center;\">Tal vez esto te interese&#8230;<\/p>\n<\/div><\/div><\/div><div class=\"fusion-layout-column fusion_builder_column fusion-builder-column-1 fusion_builder_column_1_1 1_1 fusion-flex-column\" style=\"--awb-bg-size:cover;--awb-width-large:100%;--awb-spacing-right-large:1.92%;--awb-margin-bottom-large:60px;--awb-spacing-left-large:1.92%;--awb-width-medium:100%;--awb-order-medium:0;--awb-spacing-right-medium:1.92%;--awb-spacing-left-medium:1.92%;--awb-width-small:100%;--awb-order-small:0;--awb-spacing-right-small:1.92%;--awb-spacing-left-small:1.92%;\"><div class=\"fusion-column-wrapper fusion-column-has-shadow fusion-flex-justify-content-flex-start fusion-content-layout-column\"><div class=\"fusion-text fusion-text-2\" style=\"--awb-font-size:var(--awb-custom_typography_6-font-size);--awb-line-height:var(--awb-custom_typography_6-line-height);--awb-letter-spacing:var(--awb-custom_typography_6-letter-spacing);--awb-text-transform:var(--awb-custom_typography_6-text-transform);--awb-text-font-family:var(--awb-custom_typography_6-font-family);--awb-text-font-weight:var(--awb-custom_typography_6-font-weight);--awb-text-font-style:var(--awb-custom_typography_6-font-style);\"><p>\u2139\ufe0f Te informamos sobre el propietario del sitio web<\/p>\n<\/div><div class=\"fusion-text fusion-text-3\" style=\"--awb-font-size:var(--awb-typography4-font-size);--awb-line-height:var(--awb-typography4-line-height);--awb-letter-spacing:var(--awb-typography4-letter-spacing);--awb-text-transform:var(--awb-typography4-text-transform);--awb-text-font-family:var(--awb-typography4-font-family);--awb-text-font-weight:var(--awb-typography4-font-weight);--awb-text-font-style:var(--awb-typography4-font-style);\"><p>De acuerdo con el art\u00edculo 10 de la Ley 34\/2002, de 11 de julio, de servicios de la sociedad de la informaci\u00f3n y de comercio electr\u00f3nico, te facilitamos la siguiente informaci\u00f3n legal:<\/p>\n<\/div>\n<div class=\"table-1\">\n<table width=\"100%\">\n<thead>\n<tr>\n<th align=\"left\">Propietario<\/th>\n<th align=\"left\">Direcci\u00f3n<\/th>\n<th align=\"left\">Inscripci\u00f3n en el Registro Mercantil<\/th>\n<th align=\"left\">Contacto<\/th>\n<\/tr>\n<\/thead>\n<tbody>\n<tr>\n<td align=\"left\">Bounsel, S.L.<\/td>\n<td align=\"left\">Av. Blasco Ib\u00e1\u00f1ez 134 \u2013 99, 46022, Valencia, Espa\u00f1a<\/td>\n<td align=\"left\">Registro Mercantil de Castell\u00f3n, Tomo 1794, Libro 1355, Folio 126, Hoja CS-42364<\/td>\n<td align=\"left\"><a class=\"link-25\" href=\"mailto:hello@bounsel.com\">hello@bounsel.com<\/a><\/td>\n<\/tr>\n<\/tbody>\n<\/table>\n<\/div>\n<\/div><\/div><div class=\"fusion-layout-column fusion_builder_column fusion-builder-column-2 fusion_builder_column_1_1 1_1 fusion-flex-column\" style=\"--awb-bg-size:cover;--awb-width-large:100%;--awb-spacing-right-large:1.92%;--awb-margin-bottom-large:40px;--awb-spacing-left-large:1.92%;--awb-width-medium:100%;--awb-order-medium:0;--awb-spacing-right-medium:1.92%;--awb-spacing-left-medium:1.92%;--awb-width-small:100%;--awb-order-small:0;--awb-spacing-right-small:1.92%;--awb-spacing-left-small:1.92%;\"><div class=\"fusion-column-wrapper fusion-column-has-shadow fusion-flex-justify-content-flex-start fusion-content-layout-column\"><div class=\"fusion-text fusion-text-4\" style=\"--awb-font-size:var(--awb-custom_typography_6-font-size);--awb-line-height:var(--awb-custom_typography_6-line-height);--awb-letter-spacing:var(--awb-custom_typography_6-letter-spacing);--awb-text-transform:var(--awb-custom_typography_6-text-transform);--awb-text-font-family:var(--awb-custom_typography_6-font-family);--awb-text-font-weight:var(--awb-custom_typography_6-font-weight);--awb-text-font-style:var(--awb-custom_typography_6-font-style);\"><p>\ud83d\udcc4 Te presentamos nuestras condiciones de Uso del Sitio Web<\/p>\n<\/div><div class=\"fusion-text fusion-text-5\" style=\"--awb-font-size:var(--awb-typography4-font-size);--awb-line-height:var(--awb-typography4-line-height);--awb-letter-spacing:var(--awb-typography4-letter-spacing);--awb-text-transform:var(--awb-typography4-text-transform);--awb-text-font-family:var(--awb-typography4-font-family);--awb-text-font-weight:var(--awb-typography4-font-weight);--awb-text-font-style:var(--awb-typography4-font-style);\"><p><b>1. Objetivo y alcance<\/b><\/p>\n<p>Las Condiciones de Uso del Sitio Web que te presentamos regulan el acceso, navegaci\u00f3n y uso de nuestro sitio web <b><a href=\"https:\/\/www.bounsel.com\/es\/\" target=\"_blank\" rel=\"noopener noreferrer\">www.bounsel.com<\/a> <\/b>y sus subdominios (el Sitio Web), as\u00ed como las responsabilidades derivadas de la utilizaci\u00f3n de sus contenidos (es decir, los textos, gr\u00e1ficos, dibujos, dise\u00f1os, ilustraciones, c\u00f3digos, software, fotograf\u00edas, m\u00fasica, v\u00eddeos, sonidos, bases de datos, im\u00e1genes, expresiones e informaciones, as\u00ed como cualquier otra creaci\u00f3n protegida por las leyes nacionales y los tratados internacionales sobre propiedad intelectual e industrial). S\u00f3lo utilizamos im\u00e1genes libres de derechos de autor para garantizar un uso legal y responsable. Todas las im\u00e1genes utilizadas en nuestra WEB se han obtenido de fuentes que permiten su uso comercial sin restricciones, garantizando el respeto a los derechos de los creadores.  <\/p>\n<p>Si accedes, utilizas o navegas por el Sitio Web, ser\u00e1s considerado Usuario. Entendemos que tu acceso o uso del Sitio Web supone la aceptaci\u00f3n de las Condiciones de Uso del Sitio Web publicadas en cada momento. Por ello, te invitamos a leerlas detenidamente y consultarlas con frecuencia.<\/p>\n<p>Nuestras Condiciones de Uso del Sitio Web no se centran en los aspectos contractuales de nuestros Servicios, sino que describen el marco legal de uso y acceso al Sitio Web.<\/p>\n<p>Nuestras <b>Condiciones de Servicio<\/b> y Licencia de Uso SaaS regulan el uso de la Plataforma y la contrataci\u00f3n de los Servicios Bounsel que le ofrecemos a trav\u00e9s del Sitio Web.<\/p>\n<p><b>2. Acceso y uso del Sitio Web<\/b><\/p>\n<p>Como Usuario puedes acceder a nuestro Sitio Web de forma libre y gratuita, pero debes tener en cuenta que para disfrutar de los Servicios Bounsel que te ofrecemos, primero debes aceptar expresamente las Condiciones del Servicio.<\/p>\n<p>Eres responsable de acceder, navegar y utilizar el Sitio Web, y te comprometes a cumplir cualquier instrucci\u00f3n adicional que te demos sobre el Sitio Web y sus contenidos. En particular, no debes:<\/p>\n<p>\u2022 Utilizar los contenidos incluidos en el Sitio Web con fines o efectos contrarios a la ley, la moral, las buenas costumbres o el orden p\u00fablico.<\/p>\n<p>\u2022 Reproducir o copiar, distribuir, permitir el acceso p\u00fablico a trav\u00e9s de cualquier forma de comunicaci\u00f3n p\u00fablica, transformar o modificar los contenidos, a menos que se cuente con nuestro previo y expreso consentimiento por escrito.<\/p>\n<p>\u2022 Utilizar los contenidos y, en particular, la informaci\u00f3n obtenida a trav\u00e9s del Sitio Web con fines publicitarios.<\/p>\n<p>\u2022 Proporcionarnos cualquier informaci\u00f3n personal o relacionada con el uso y el acceso al sitio web que sea falsa o haya sido obtenida de forma ilegal.<\/p>\n<p><b>3. Derechos de propiedad intelectual e industrial<\/b><\/p>\n<p>Bounsel es titular de todos los derechos de propiedad intelectual e industrial sobre el Sitio Web, incluyendo el nombre de dominio y todos los contenidos disponibles a trav\u00e9s del mismo. Tu acceso o navegaci\u00f3n por el Sitio Web no implica ninguna transferencia, licencia o cesi\u00f3n de la totalidad o parte de dichos derechos por nuestra parte a ti, ni est\u00e1s autorizado a utilizar o explotar p\u00fablicamente dichos derechos.<\/p>\n<p>Est\u00e1 estrictamente prohibido suprimir o modificar el aviso (\u00abcopyright\u00bb) y cualquier otra identificaci\u00f3n o reconocimiento de la propiedad exclusiva de los derechos de Bounsel en relaci\u00f3n con el Sitio Web o el contenido protegido que se encuentra en el Sitio Web.<\/p>\n<p>Queda prohibido reproducir, distribuir, comunicar p\u00fablicamente, reutilizar, extraer, enviar por correo, modificar o, de cualquier modo, utilizar p\u00fablicamente la totalidad o parte de los contenidos incluidos en el Sitio Web.<\/p>\n<p>En el caso de que env\u00edes o transmitas cualquier contenido protegido por derechos de propiedad intelectual o industrial, deber\u00e1s comprometerte a adquirir previamente todas las autorizaciones, licencias o derechos de uso que sean necesarios para garantizar el uso pac\u00edfico de dichos contenidos por parte de Bounsel.<\/p>\n<p><b>4. Responsabilidades y garant\u00edas<\/b><\/p>\n<p>Bounsel gestiona el Sitio Web con diligencia y se esfuerza por mantener informaci\u00f3n completa y precisa sobre todos los Servicios Bounsel que ofrecemos a trav\u00e9s de actualizaciones. Sin embargo, puede haber algunas diferencias entre la informaci\u00f3n proporcionada en el Sitio Web y el Servicio Bounsel que prestamos. Por lo tanto, le invitamos a visitar regularmente el Sitio Web y confirmar el Servicio Bounsel que ofrecemos, que siempre prestaremos de conformidad con las <b><a href=\"https:\/\/www.bounsel.com\/es\/terminos\/\" target=\"_blank\" rel=\"noopener noreferrer\">Condiciones del Servicio.<\/a><\/b><\/p>\n<p>Adem\u00e1s, para su tranquilidad, queremos que sepa que Bounsel ha adoptado las medidas t\u00e9cnicas adecuadas para garantizar el correcto funcionamiento del Sitio Web y evitar la existencia de virus o programas inform\u00e1ticos que puedan causarle cualquier da\u00f1o.<\/p>\n<p>Sin embargo, como sabes, la seguridad inform\u00e1tica puede fallar y est\u00e1 sujeta a ciertos riesgos debido a la actividad de los hackers y programadores de virus. Por lo tanto, aunque nos esforzamos por evitar dichos programas maliciosos y actualizamos constantemente la seguridad de nuestros ordenadores y sistemas, no podemos garantizar ni somos responsables de los da\u00f1os que puedas sufrir como consecuencia de:<\/p>\n<p>\u2022 Fallos o interrupciones del servicio del sitio web.<\/p>\n<p>\u2022 Virus o programas inform\u00e1ticos o elementos dise\u00f1ados para el ciberataque o la infiltraci\u00f3n en tus sistemas inform\u00e1ticos como consecuencia de tu acceso al Sitio Web.<\/p>\n<p>\u2022 La posible vulnerabilidad del sitio web y las medidas de seguridad adoptadas.<\/p>\n<p><b>5. Enlaces a otros sitios web<\/b><\/p>\n<p>En el Sitio Web puedes encontrar enlaces a otros sitios web operados por terceros. Bounsel no puede controlar toda la informaci\u00f3n o contenidos facilitados por otros sitios web, por lo que no se hace responsable de su calidad y fiabilidad.<\/p>\n<p>El establecimiento de cualquier tipo de enlace por parte del Sitio Web a otros sitios web de terceros no implica que exista alg\u00fan tipo de relaci\u00f3n, colaboraci\u00f3n o dependencia entre Bounsel y el responsable de dicho sitio web.<\/p>\n<p><b>6. Duraci\u00f3n y modificaci\u00f3n<\/b><\/p>\n<p>Podremos modificar estas Condiciones de Uso del Sitio Web, total o parcialmente, publicando cualquier cambio en la misma forma en que se publican estas condiciones. Adem\u00e1s, podemos dar por terminado, suspender o interrumpir, en cualquier momento y sin previo aviso, el acceso al contenido del Sitio Web, sin que tengas derecho a reclamarnos ninguna indemnizaci\u00f3n.<\/p>\n<p><b>7.Declaraci\u00f3n de nulidad<\/b><\/p>\n<p>La posible declaraci\u00f3n de nulidad de alguna de las disposiciones de las Condiciones de Uso del Sitio Web no afectar\u00e1 a otras disposiciones no afectadas por la misma.<\/p>\n<p><b>8. Ley aplicable y jurisdicci\u00f3n competente<\/b><\/p>\n<p>Las presentes Condiciones de Uso del Sitio Web se rigen por la legislaci\u00f3n espa\u00f1ola, sin perjuicio de la aplicaci\u00f3n de cualquier otra norma dictada por la autoridad competente.<\/p>\n<p>Cualquier discrepancia que pudi\u00e9ramos tener sobre la validez y exigibilidad de cualquier disposici\u00f3n contenida en las Condiciones de Uso del Sitio Web se someter\u00e1 a la jurisdicci\u00f3n y competencia de los Juzgados y Tribunales de la ciudad de Valencia, con renuncia expresa a cualquier otro fuero que pudiera corresponder.<\/p>\n<\/div><\/div><\/div><\/div><\/div>\n","protected":false},"excerpt":{"rendered":"","protected":false},"author":11,"featured_media":0,"parent":0,"menu_order":0,"comment_status":"closed","ping_status":"closed","template":"100-width.php","meta":{"content-type":"","footnotes":""},"class_list":["post-4928","page","type-page","status-publish","hentry"],"_links":{"self":[{"href":"https:\/\/www.bounsel.com\/es\/wp-json\/wp\/v2\/pages\/4928","targetHints":{"allow":["GET"]}}],"collection":[{"href":"https:\/\/www.bounsel.com\/es\/wp-json\/wp\/v2\/pages"}],"about":[{"href":"https:\/\/www.bounsel.com\/es\/wp-json\/wp\/v2\/types\/page"}],"author":[{"embeddable":true,"href":"https:\/\/www.bounsel.com\/es\/wp-json\/wp\/v2\/users\/11"}],"replies":[{"embeddable":true,"href":"https:\/\/www.bounsel.com\/es\/wp-json\/wp\/v2\/comments?post=4928"}],"version-history":[{"count":2,"href":"https:\/\/www.bounsel.com\/es\/wp-json\/wp\/v2\/pages\/4928\/revisions"}],"predecessor-version":[{"id":25016,"href":"https:\/\/www.bounsel.com\/es\/wp-json\/wp\/v2\/pages\/4928\/revisions\/25016"}],"wp:attachment":[{"href":"https:\/\/www.bounsel.com\/es\/wp-json\/wp\/v2\/media?parent=4928"}],"curies":[{"name":"wp","href":"https:\/\/api.w.org\/{rel}","templated":true}]}}